{"id":22,"date":"2025-07-18T23:34:13","date_gmt":"2025-07-18T20:34:13","guid":{"rendered":"https:\/\/skrayones.com\/offering\/"},"modified":"2025-08-09T20:57:10","modified_gmt":"2025-08-09T17:57:10","slug":"services","status":"publish","type":"page","link":"https:\/\/skrayones.com\/lt\/services\/","title":{"rendered":"Paslaugos"},"content":{"rendered":"<div data-elementor-type=\"wp-page\" data-elementor-id=\"22\" class=\"elementor elementor-22\">\n\t\t\t\t<div class=\"elementor-element elementor-element-7b2d73a e-flex e-con-boxed e-con e-parent\" data-id=\"7b2d73a\" data-element_type=\"container\" data-e-type=\"container\">\n\t\t\t\t\t<div class=\"e-con-inner\">\n\t\t\t\t<div class=\"elementor-element elementor-element-b51bdd1 elementor-widget elementor-widget-heading\" data-id=\"b51bdd1\" data-element_type=\"widget\" data-e-type=\"widget\" data-widget_type=\"heading.default\">\n\t\t\t\t<div class=\"elementor-widget-container\">\n\t\t\t\t\t<h1 class=\"elementor-heading-title elementor-size-default\">\u0160tai k\u0105 \u201eSkrayones\u201c moka daryti geriausiai<\/h1>\t\t\t\t<\/div>\n\t\t\t\t<\/div>\n\t\t\t\t\t<\/div>\n\t\t\t\t<\/div>\n\t\t<div class=\"elementor-element elementor-element-1hjmv56 e-flex e-con-boxed e-con e-parent\" data-id=\"1hjmv56\" data-element_type=\"container\" data-e-type=\"container\">\n\t\t\t\t\t<div class=\"e-con-inner\">\n\t\t<div class=\"elementor-element elementor-element-3970457 e-con-full e-flex e-con e-child\" data-id=\"3970457\" data-element_type=\"container\" data-e-type=\"container\">\n\t\t<div class=\"elementor-element elementor-element-2ecf451 e-con-full e-flex e-con e-child\" data-id=\"2ecf451\" data-element_type=\"container\" data-e-type=\"container\">\n\t\t\t\t<div class=\"elementor-element elementor-element-6a846f4 elementor-widget elementor-widget-hfe-infocard\" data-id=\"6a846f4\" data-element_type=\"widget\" data-e-type=\"widget\" data-widget_type=\"hfe-infocard.default\">\n\t\t\t\t<div class=\"elementor-widget-container\">\n\t\t\t\t\t\n\t\t<div class=\"hfe-infocard\">\n\t\t\t\t\t\t\t\t\t<div class=\"hfe-infocard-title-wrap\">\n\t\t\t\t<h2 class=\"hfe-infocard-title elementor-inline-editing\" data-elementor-setting-key=\"infocard_title\" data-elementor-inline-editing-toolbar=\"basic\" >Rinkodaros tyrimai<\/h2>\t\t\t<\/div>\n\t\t\t\t\t\t<div class=\"hfe-infocard-text-wrap\">\n\t\t\t\t<div class=\"hfe-infocard-text elementor-inline-editing\" data-elementor-setting-key=\"infocard_description\" data-elementor-inline-editing-toolbar=\"advanced\">\n\t\t\t\t\t<p>Atliekame pirminius ir antrinius tyrimus, kad surinktume ir interpretuotume informacij\u0105, siekdami:<\/p>\n<ul>\n<li>i\u0161nagrin\u0117ti, kokie yra j\u016bs\u0173 (potenciali\u0173) klient\u0173 ketinimai<\/li>\n<li>\u012fvertinti, kokio dyd\u017eio yra j\u016bs\u0173 rinka ir kiek dar gal\u0117tum\u0117te parduoti<\/li>\n<li>nustatyti, kurie i\u0161 j\u016bs\u0173 (potenciali\u0173) klient\u0173 b\u016bt\u0173 pelningiausi<\/li>\n<li>suprasti savo stipri\u0105sias ir silpn\u0105sias puses, lyginant su konkurentais\n<p><\/p>\n<\/li>\n<li>i\u0161bandyti produkt\u0173 id\u0117jas, kainodaros strategijas ar rinkodaros komunikacij\u0105 prie\u0161 paleid\u017eiant prekes \u012f rink\u0105<\/li>\n<li>suplanuoti gerai informuotos strateginius, taktinius ir operacinius rinkodaros veiksmus<\/li>\n<li>steb\u0117ti ir optimizuoti vykstan\u010dius rinkodaros procesus<\/li>\n<\/ul>\t\t\t\t<\/div>\n\t\t\t\t\t\t\t<\/div>\n\t\t<\/div>\n\n\t\t\t\t\t\t<\/div>\n\t\t\t\t<\/div>\n\t\t\t\t<\/div>\n\t\t<div class=\"elementor-element elementor-element-a167c94 e-con-full e-flex e-con e-child\" data-id=\"a167c94\" data-element_type=\"container\" data-e-type=\"container\">\n\t\t\t\t<div class=\"elementor-element elementor-element-8c9a1dd elementor-widget elementor-widget-image\" data-id=\"8c9a1dd\" data-element_type=\"widget\" data-e-type=\"widget\" data-widget_type=\"image.default\">\n\t\t\t\t<div class=\"elementor-widget-container\">\n\t\t\t\t\t\t\t\t\t\t\t\t\t\t\t<img fetchpriority=\"high\" decoding=\"async\" width=\"420\" height=\"480\" src=\"https:\/\/skrayones.com\/wp-content\/uploads\/2024\/03\/services-01.jpg\" class=\"attachment-full size-full wp-image-13\" alt=\"\" \/>\t\t\t\t\t\t\t\t\t\t\t\t\t\t\t<\/div>\n\t\t\t\t<\/div>\n\t\t\t\t<\/div>\n\t\t\t\t<\/div>\n\t\t<div class=\"elementor-element elementor-element-34cd3a6 e-con-full e-flex e-con e-child\" data-id=\"34cd3a6\" data-element_type=\"container\" data-e-type=\"container\">\n\t\t<div class=\"elementor-element elementor-element-e1d6917 e-con-full e-flex e-con e-child\" data-id=\"e1d6917\" data-element_type=\"container\" data-e-type=\"container\">\n\t\t\t\t<div class=\"elementor-element elementor-element-e0ca466 elementor-widget elementor-widget-hfe-infocard\" data-id=\"e0ca466\" data-element_type=\"widget\" data-e-type=\"widget\" data-widget_type=\"hfe-infocard.default\">\n\t\t\t\t<div class=\"elementor-widget-container\">\n\t\t\t\t\t\n\t\t<div class=\"hfe-infocard\">\n\t\t\t\t\t\t\t\t\t<div class=\"hfe-infocard-title-wrap\">\n\t\t\t\t<h2 class=\"hfe-infocard-title elementor-inline-editing\" data-elementor-setting-key=\"infocard_title\" data-elementor-inline-editing-toolbar=\"basic\" >Rinkodaros analiz\u0117 (planavimas)<\/h2>\t\t\t<\/div>\n\t\t\t\t\t\t<div class=\"hfe-infocard-text-wrap\">\n\t\t\t\t<div class=\"hfe-infocard-text elementor-inline-editing\" data-elementor-setting-key=\"infocard_description\" data-elementor-inline-editing-toolbar=\"advanced\">\n\t\t\t\t\t<p>Surinktus duomenis naudojame rinkodaros analizei, kuri apima \u0161iuos aspektus:<\/p>\n<ul>\n<li>rinkodaros aplinkos ir pirkimo elgsenos analiz\u0119<\/li>\n<li>rinkos segmentavim\u0105, tikslin\u0119 orientacij\u0105 ir pozicionavim\u0105<\/li>\n<li>rinkodaros strategijos k\u016brim\u0105 ir jos \u012fgyvendinimo planavim\u0105<\/li><li>rinkodaros veiklos vertinim\u0105<\/li>\n<\/ul>\t\t\t\t<\/div>\n\t\t\t\t\t\t\t<\/div>\n\t\t<\/div>\n\n\t\t\t\t\t\t<\/div>\n\t\t\t\t<\/div>\n\t\t\t\t<\/div>\n\t\t<div class=\"elementor-element elementor-element-4a82fea e-con-full e-flex e-con e-child\" data-id=\"4a82fea\" data-element_type=\"container\" data-e-type=\"container\">\n\t\t\t\t<div class=\"elementor-element elementor-element-232328f elementor-widget elementor-widget-image\" data-id=\"232328f\" data-element_type=\"widget\" data-e-type=\"widget\" data-widget_type=\"image.default\">\n\t\t\t\t<div class=\"elementor-widget-container\">\n\t\t\t\t\t\t\t\t\t\t\t\t\t\t\t<img decoding=\"async\" width=\"420\" height=\"480\" src=\"https:\/\/skrayones.com\/wp-content\/uploads\/2024\/03\/services-02.jpg\" class=\"attachment-full size-full wp-image-14\" alt=\"\" \/>\t\t\t\t\t\t\t\t\t\t\t\t\t\t\t<\/div>\n\t\t\t\t<\/div>\n\t\t\t\t<\/div>\n\t\t\t\t<\/div>\n\t\t<div class=\"elementor-element elementor-element-8ad9b87 e-con-full e-flex e-con e-child\" data-id=\"8ad9b87\" data-element_type=\"container\" data-e-type=\"container\">\n\t\t<div class=\"elementor-element elementor-element-3706a6f e-con-full e-flex e-con e-child\" data-id=\"3706a6f\" data-element_type=\"container\" data-e-type=\"container\">\n\t\t\t\t<div class=\"elementor-element elementor-element-c4f84df elementor-widget elementor-widget-hfe-infocard\" data-id=\"c4f84df\" data-element_type=\"widget\" data-e-type=\"widget\" data-widget_type=\"hfe-infocard.default\">\n\t\t\t\t<div class=\"elementor-widget-container\">\n\t\t\t\t\t\n\t\t<div class=\"hfe-infocard\">\n\t\t\t\t\t\t\t\t\t<div class=\"hfe-infocard-title-wrap\">\n\t\t\t\t<h2 class=\"hfe-infocard-title elementor-inline-editing\" data-elementor-setting-key=\"infocard_title\" data-elementor-inline-editing-toolbar=\"basic\" >Rinkodaros komunikacija<\/h2>\t\t\t<\/div>\n\t\t\t\t\t\t<div class=\"hfe-infocard-text-wrap\">\n\t\t\t\t<div class=\"hfe-infocard-text elementor-inline-editing\" data-elementor-setting-key=\"infocard_description\" data-elementor-inline-editing-toolbar=\"advanced\">\n\t\t\t\t\t<p>Mes mielai pad\u0117sime jums \u012fgyvendinti j\u016bs\u0173 id\u0117jas:<\/p>\n<ul>\n<li>vykdome rinkodaros kampanijas u\u017e jus \u2014 \u012fskaitant reklam\u0105, pardavimo skatinim\u0105, vie\u0161uosius ry\u0161ius<\/li>\n<li>valdome rengini\u0173 rinkodaros procesus<\/li>\n<li>\u012fgyvendiname vidaus rinkodar\u0105 (darbdavio \u012fvaizd\u017eio k\u016brim\u0105)<\/li>\n<\/ul>\t\t\t\t<\/div>\n\t\t\t\t\t\t\t<\/div>\n\t\t<\/div>\n\n\t\t\t\t\t\t<\/div>\n\t\t\t\t<\/div>\n\t\t\t\t<\/div>\n\t\t<div class=\"elementor-element elementor-element-5da6000 e-con-full e-flex e-con e-child\" data-id=\"5da6000\" data-element_type=\"container\" data-e-type=\"container\">\n\t\t\t\t<div class=\"elementor-element elementor-element-a93acc3 elementor-widget elementor-widget-image\" data-id=\"a93acc3\" data-element_type=\"widget\" data-e-type=\"widget\" data-widget_type=\"image.default\">\n\t\t\t\t<div class=\"elementor-widget-container\">\n\t\t\t\t\t\t\t\t\t\t\t\t\t\t\t<img decoding=\"async\" width=\"420\" height=\"480\" src=\"https:\/\/skrayones.com\/wp-content\/uploads\/2024\/03\/services-03.jpg\" class=\"attachment-full size-full wp-image-15\" alt=\"\" \/>\t\t\t\t\t\t\t\t\t\t\t\t\t\t\t<\/div>\n\t\t\t\t<\/div>\n\t\t\t\t<\/div>\n\t\t\t\t<\/div>\n\t\t<div class=\"elementor-element elementor-element-ba7084d e-con-full e-flex e-con e-child\" data-id=\"ba7084d\" data-element_type=\"container\" data-e-type=\"container\">\n\t\t<div class=\"elementor-element elementor-element-289dc2f e-con-full e-flex e-con e-child\" data-id=\"289dc2f\" data-element_type=\"container\" data-e-type=\"container\">\n\t\t\t\t<div class=\"elementor-element elementor-element-7690feb elementor-widget elementor-widget-hfe-infocard\" data-id=\"7690feb\" data-element_type=\"widget\" data-e-type=\"widget\" data-widget_type=\"hfe-infocard.default\">\n\t\t\t\t<div class=\"elementor-widget-container\">\n\t\t\t\t\t\n\t\t<div class=\"hfe-infocard\">\n\t\t\t\t\t\t\t\t\t<div class=\"hfe-infocard-title-wrap\">\n\t\t\t\t<h2 class=\"hfe-infocard-title elementor-inline-editing\" data-elementor-setting-key=\"infocard_title\" data-elementor-inline-editing-toolbar=\"basic\" >Profesionalios SEO paslaugos<\/h2>\t\t\t<\/div>\n\t\t\t\t\t\t<div class=\"hfe-infocard-text-wrap\">\n\t\t\t\t<div class=\"hfe-infocard-text elementor-inline-editing\" data-elementor-setting-key=\"infocard_description\" data-elementor-inline-editing-toolbar=\"advanced\">\n\t\t\t\t\t<p>Tai m\u016bs\u0173 specializacija, tod\u0117l <b>geriausi\u0105 palikome pabaigai<\/b>!<\/p>\n<p><b>SEO <\/b>susideda i\u0161 trij\u0173 skirting\u0173 sri\u010di\u0173:<\/p>\n<ol>\n<li><b>Techninio SEO<\/b><\/li>\n<li><b>Vidinio SEO<\/b><\/li>\n<li><b>I\u0161orinio SEO<\/b><\/li>\n<\/ol>\n<p>Techninis SEO padeda sukurti tvirt\u0105 j\u016bs\u0173 svetain\u0117s pagrind\u0105. Jei svetain\u0117je yra technini\u0173 problem\u0173, net ir geriausias joje esantis turinys neduos daug naudos, o toki\u0105 svetain\u0119 bus sunku i\u0161reklamuoti i\u0161oriniais kanalais.<\/p><p>Atliekant vidin\u012f (angl. \u201eon-page\u201c) SEO optimizavim\u0105, reik\u0117t\u0173 kurti unikal\u0173 turin\u012f, kuris b\u016bt\u0173 glaud\u017eiausiai susij\u0119s su konkre\u010dia paie\u0161kos u\u017eklausa. \u0160is procesas prasideda nuo rakta\u017eod\u017ei\u0173 tyrimo ir analiz\u0117s, t\u0119siasi turinio k\u016brimu bei tobulinimu, o baigiasi susijusio turinio susiejimu vidin\u0117mis nuorodomis. Rakta\u017eod\u017ei\u0173 tyrimas taip pat gali pad\u0117ti atrasti nei\u0161naudot\u0105 rinkos potencial\u0105, kuris gali reik\u0161mingai padidinti j\u016bs\u0173 pardavimus.<\/p><p>Galiausiai \u2013 i\u0161orinis (angl. \u201eoff-page\u201c) SEO \u2013 vienintelis SEO aspektas, kuris prakti\u0161kai neturi augimo rib\u0173. \u0160iuo atveju j\u016bs\u0173 \u017einut\u0117 skleid\u017eiama internete, pritraukiant i\u0161orines nuorodas \u012f j\u016bs\u0173 tikslinius puslapius. Tai galima laikyti j\u016bs\u0173 sukurtos informacijos \u201epardavimu\u201c.&nbsp;<\/p><p>Visos trys dalys vienodai svarbios, jei siekiate tvarios s\u0117km\u0117s. Atminkite \u2013 SEO reikalauja strateginio m\u0105stymo, kruop\u0161tumo ir kantryb\u0117s.<\/p>\t\t\t\t<\/div>\n\t\t\t\t\t\t\t<\/div>\n\t\t<\/div>\n\n\t\t\t\t\t\t<\/div>\n\t\t\t\t<\/div>\n\t\t\t\t<\/div>\n\t\t<div class=\"elementor-element elementor-element-f421228 e-con-full e-flex e-con e-child\" data-id=\"f421228\" data-element_type=\"container\" data-e-type=\"container\">\n\t\t\t\t<div class=\"elementor-element elementor-element-72c21bb elementor-widget elementor-widget-image\" data-id=\"72c21bb\" data-element_type=\"widget\" data-e-type=\"widget\" data-widget_type=\"image.default\">\n\t\t\t\t<div class=\"elementor-widget-container\">\n\t\t\t\t\t\t\t\t\t\t\t\t\t\t\t<img loading=\"lazy\" decoding=\"async\" width=\"420\" height=\"480\" src=\"https:\/\/skrayones.com\/wp-content\/uploads\/2024\/03\/services-04.jpg\" class=\"attachment-full size-full wp-image-16\" alt=\"\" srcset=\"https:\/\/skrayones.com\/wp-content\/uploads\/2024\/03\/services-04.jpg 420w, https:\/\/skrayones.com\/wp-content\/uploads\/2024\/03\/services-04-263x300.jpg 263w\" sizes=\"(max-width: 420px) 100vw, 420px\" \/>\t\t\t\t\t\t\t\t\t\t\t\t\t\t\t<\/div>\n\t\t\t\t<\/div>\n\t\t\t\t<\/div>\n\t\t\t\t<\/div>\n\t\t\t\t\t<\/div>\n\t\t\t\t<\/div>\n\t\t<div class=\"elementor-element elementor-element-581y6nt e-flex e-con-boxed e-con e-parent\" data-id=\"581y6nt\" data-element_type=\"container\" data-e-type=\"container\" data-settings=\"{&quot;background_background&quot;:&quot;classic&quot;}\">\n\t\t\t\t\t<div class=\"e-con-inner\">\n\t\t\t\t<div class=\"elementor-element elementor-element-b8bf5eb elementor-widget elementor-widget-heading\" data-id=\"b8bf5eb\" data-element_type=\"widget\" data-e-type=\"widget\" data-widget_type=\"heading.default\">\n\t\t\t\t<div class=\"elementor-widget-container\">\n\t\t\t\t\t<h2 class=\"elementor-heading-title elementor-size-default\">Pasiruo\u0161\u0119 kilti?<\/h2>\t\t\t\t<\/div>\n\t\t\t\t<\/div>\n\t\t\t\t<div class=\"elementor-element elementor-element-407c19e elementor-widget elementor-widget-text-editor\" data-id=\"407c19e\" data-element_type=\"widget\" data-e-type=\"widget\" data-widget_type=\"text-editor.default\">\n\t\t\t\t<div class=\"elementor-widget-container\">\n\t\t\t\t\t\t\t\t\t<p>\u201eSkrayones\u201c \u2013 auk\u0161\u010diau dangaus!<\/p>\t\t\t\t\t\t\t\t<\/div>\n\t\t\t\t<\/div>\n\t\t\t\t<div class=\"elementor-element elementor-element-a6029ab elementor-align-center elementor-widget elementor-widget-button\" data-id=\"a6029ab\" data-element_type=\"widget\" data-e-type=\"widget\" data-widget_type=\"button.default\">\n\t\t\t\t<div class=\"elementor-widget-container\">\n\t\t\t\t\t\t\t\t\t<div class=\"elementor-button-wrapper\">\n\t\t\t\t\t<a class=\"elementor-button elementor-button-link elementor-size-sm\" href=\"https:\/\/skrayones.com\/lt\/contact\/\">\n\t\t\t\t\t\t<span class=\"elementor-button-content-wrapper\">\n\t\t\t\t\t\t\t\t\t<span class=\"elementor-button-text\">KYLAM!<\/span>\n\t\t\t\t\t<\/span>\n\t\t\t\t\t<\/a>\n\t\t\t\t<\/div>\n\t\t\t\t\t\t\t\t<\/div>\n\t\t\t\t<\/div>\n\t\t\t\t\t<\/div>\n\t\t\t\t<\/div>\n\t\t\t\t<\/div>","protected":false},"excerpt":{"rendered":"<p>Here Is What Skrayones Does Best Market(ing) Research We conduct primary and secondary research to collect and interpret information to: [&hellip;]<\/p>\n","protected":false},"author":1,"featured_media":0,"parent":0,"menu_order":0,"comment_status":"closed","ping_status":"closed","template":"","meta":{"site-sidebar-layout":"no-sidebar","site-content-layout":"","ast-site-content-layout":"full-width-container","site-content-style":"default","site-sidebar-style":"default","ast-global-header-display":"","ast-banner-title-visibility":"","ast-main-header-display":"","ast-hfb-above-header-display":"","ast-hfb-below-header-display":"","ast-hfb-mobile-header-display":"","site-post-title":"disabled","ast-breadcrumbs-content":"","ast-featured-img":"disabled","footer-sml-layout":"","ast-disable-related-posts":"","theme-transparent-header-meta":"enabled","adv-header-id-meta":"","stick-header-meta":"","header-above-stick-meta":"","header-main-stick-meta":"","header-below-stick-meta":"","astra-migrate-meta-layouts":"default","ast-page-background-enabled":"default","ast-page-background-meta":{"desktop":{"background-color":"var(--ast-global-color-4)","background-image":"","background-repeat":"repeat","background-position":"center center","background-size":"auto","background-attachment":"scroll","background-type":"","background-media":"","overlay-type":"","overlay-color":"","overlay-opacity":"","overlay-gradient":""},"tablet":{"background-color":"","background-image":"","background-repeat":"repeat","background-position":"center center","background-size":"auto","background-attachment":"scroll","background-type":"","background-media":"","overlay-type":"","overlay-color":"","overlay-opacity":"","overlay-gradient":""},"mobile":{"background-color":"","background-image":"","background-repeat":"repeat","background-position":"center center","background-size":"auto","background-attachment":"scroll","background-type":"","background-media":"","overlay-type":"","overlay-color":"","overlay-opacity":"","overlay-gradient":""}},"ast-content-background-meta":{"desktop":{"background-color":"var(--ast-global-color-5)","background-image":"","background-repeat":"repeat","background-position":"center center","background-size":"auto","background-attachment":"scroll","background-type":"","background-media":"","overlay-type":"","overlay-color":"","overlay-opacity":"","overlay-gradient":""},"tablet":{"background-color":"var(--ast-global-color-5)","background-image":"","background-repeat":"repeat","background-position":"center center","background-size":"auto","background-attachment":"scroll","background-type":"","background-media":"","overlay-type":"","overlay-color":"","overlay-opacity":"","overlay-gradient":""},"mobile":{"background-color":"var(--ast-global-color-5)","background-image":"","background-repeat":"repeat","background-position":"center center","background-size":"auto","background-attachment":"scroll","background-type":"","background-media":"","overlay-type":"","overlay-color":"","overlay-opacity":"","overlay-gradient":""}},"footnotes":""},"class_list":["post-22","page","type-page","status-publish","hentry"],"_links":{"self":[{"href":"https:\/\/skrayones.com\/lt\/wp-json\/wp\/v2\/pages\/22","targetHints":{"allow":["GET"]}}],"collection":[{"href":"https:\/\/skrayones.com\/lt\/wp-json\/wp\/v2\/pages"}],"about":[{"href":"https:\/\/skrayones.com\/lt\/wp-json\/wp\/v2\/types\/page"}],"author":[{"embeddable":true,"href":"https:\/\/skrayones.com\/lt\/wp-json\/wp\/v2\/users\/1"}],"replies":[{"embeddable":true,"href":"https:\/\/skrayones.com\/lt\/wp-json\/wp\/v2\/comments?post=22"}],"version-history":[{"count":158,"href":"https:\/\/skrayones.com\/lt\/wp-json\/wp\/v2\/pages\/22\/revisions"}],"predecessor-version":[{"id":2113,"href":"https:\/\/skrayones.com\/lt\/wp-json\/wp\/v2\/pages\/22\/revisions\/2113"}],"wp:attachment":[{"href":"https:\/\/skrayones.com\/lt\/wp-json\/wp\/v2\/media?parent=22"}],"curies":[{"name":"wp","href":"https:\/\/api.w.org\/{rel}","templated":true}]}}